{"id":19,"date":"2024-12-26T11:42:15","date_gmt":"2024-12-26T10:42:15","guid":{"rendered":"https:\/\/www.mergem.be\/?page_id=19"},"modified":"2024-12-26T13:54:20","modified_gmt":"2024-12-26T12:54:20","slug":"nous-aider","status":"publish","type":"page","link":"https:\/\/www.mergem.be\/index.php\/nous-aider\/","title":{"rendered":"Nous Aider"},"content":{"rendered":"\n<p>Ne recevant aucun subside, ni au niveau national, ni au niveau europ\u00e9en, <strong>nous fonctionnons essentiellement gr\u00e2ce \u00e0 vos dons<\/strong><\/p>\n\n\n\n<p>Si vous d\u00e9sirez nous soutenir ou soutenir particuli\u00e8rement un de nos projets, nous vous proposons de faire un virement au compte de Mergem:<\/p>\n\n\n\n<p><strong>N\u00b0 de compte:<\/strong> 435-3029451-27<br><strong>IBAN:<\/strong> BE48 4353 0294 5127<br><strong>SWIFT\/BIC:<\/strong> KREDBEBB<\/p>\n\n\n\n<p>Avec comme communication:<\/p>\n\n\n\n<p>INT &#8211; <strong>MERGEM\u00a0:<\/strong> si c&rsquo;est pour Mergem en g\u00e9n\u00e9ral<br>INT &#8211; <strong>TURDA\u00a0:<\/strong> si c&rsquo;est pour le projet des Roms d&rsquo;Ariesului<br>INT &#8211; <strong>DUPA:\u00a0<\/strong> pour soutenir des anciens de T\u00e2rgu Frumos\u00a0 a Emma\u00fcs ou ailleurs<br>INT &#8211; <strong>POPESTI:<\/strong>\u00a0pour soutenir \u00e0 la communaut\u00e9 de Popesti<br>INT &#8211; <strong>CRISTINA\u00a0:<\/strong> pour soutenir Cristina<\/p>\n\n\n\n<p>Si vous souhaitez soutenir la Fondation <strong>COTE <\/strong>, vous devriez utiliser le compte suivant:<strong> D\u00e9duction fiscale \u00e0 partir de 40 euros.<\/strong><\/p>\n\n\n\n<p><strong>N\u00b0 de compte:<\/strong> 000-0000004-04<br><strong>IBAN:<\/strong> BE10 0000 0000 04 04<br><strong>SWIFT\/BIC:<\/strong> BPOTBEB1<br><strong>Communication:<\/strong> TGE-Fundatia Cote &#8211; Romania<br><strong>Nous vous remercions pour votre soutien<\/strong><\/p>\n\n\n\n<p><\/p>\n","protected":false},"excerpt":{"rendered":"<p>Ne recevant aucun subside, ni au niveau national, ni au niveau europ\u00e9en, nous fonctionnons essentiellement gr\u00e2ce \u00e0 vos dons Si vous d\u00e9sirez nous soutenir ou soutenir particuli\u00e8rement un de nos projets, nous vous proposons de faire un virement au compte de Mergem: N\u00b0 de compte: 435-3029451-27IBAN: BE48 4353 0294 5127SWIFT\/BIC: KREDBEBB Avec comme communication: INT [&hellip;]<\/p>\n","protected":false},"author":1,"featured_media":0,"parent":0,"menu_order":0,"comment_status":"closed","ping_status":"closed","template":"","meta":{"footnotes":""},"class_list":["post-19","page","type-page","status-publish","czr-hentry"],"_links":{"self":[{"href":"https:\/\/www.mergem.be\/index.php\/wp-json\/wp\/v2\/pages\/19","targetHints":{"allow":["GET"]}}],"collection":[{"href":"https:\/\/www.mergem.be\/index.php\/wp-json\/wp\/v2\/pages"}],"about":[{"href":"https:\/\/www.mergem.be\/index.php\/wp-json\/wp\/v2\/types\/page"}],"author":[{"embeddable":true,"href":"https:\/\/www.mergem.be\/index.php\/wp-json\/wp\/v2\/users\/1"}],"replies":[{"embeddable":true,"href":"https:\/\/www.mergem.be\/index.php\/wp-json\/wp\/v2\/comments?post=19"}],"version-history":[{"count":3,"href":"https:\/\/www.mergem.be\/index.php\/wp-json\/wp\/v2\/pages\/19\/revisions"}],"predecessor-version":[{"id":65,"href":"https:\/\/www.mergem.be\/index.php\/wp-json\/wp\/v2\/pages\/19\/revisions\/65"}],"wp:attachment":[{"href":"https:\/\/www.mergem.be\/index.php\/wp-json\/wp\/v2\/media?parent=19"}],"curies":[{"name":"wp","href":"https:\/\/api.w.org\/{rel}","templated":true}]}}