{"id":66,"date":"2024-12-26T13:58:16","date_gmt":"2024-12-26T12:58:16","guid":{"rendered":"https:\/\/www.mergem.be\/?page_id=66"},"modified":"2024-12-26T13:58:16","modified_gmt":"2024-12-26T12:58:16","slug":"historique","status":"publish","type":"page","link":"https:\/\/www.mergem.be\/index.php\/historique\/","title":{"rendered":"Historique"},"content":{"rendered":"\n<p>Remontons dans le temps\u00a0: en juillet \u201998, un groupe de jeunes de 16 \u00e0 18 ans, de la Paroisse de St-Lambert \u00e0 Woluw\u00e9, part pour Iasi, ville de Roumanie moldave. Le groupe participe \u00e0 l\u2019animation d\u2019enfants hospitalis\u00e9s au sein de l\u2019\u00e9cole \u00e0 l\u2019H\u00f4pital Santa-Maria.<\/p>\n\n\n\n<p>Suite aux contacts nou\u00e9s avec nos nouveaux amis roumains, ceux-ci tr\u00e8s motiv\u00e9s veulent changer les mentalit\u00e9s et am\u00e9liorer les conditions de vie des enfants. Veronica, \u00e9tudiante rencontr\u00e9e \u00e0 l\u2019\u00e9glise, nous parle d\u2019une petite fille Alina (6 ans) victime d\u2019une terrible maladie orpheline des exostoses multiples (HME). David, touch\u00e9 au c\u0153ur par son t\u00e9moignage, organise un spectacle \u00e0 Don Bosco avec un beau b\u00e9n\u00e9fice de 2.500 EUR.\\r\\n\\r\\nVeronica, aussi professeur \u00ab\u00a0volontaire\u00a0\u00bb dans une \u00e9cole sp\u00e9ciale \u00e0 T\u00e2rgu Frumos, nous envoie un t\u00e9moignage bouleversant\u00a0: Les enfants sont abandonn\u00e9s de tous (parents, enseignants\u2026), consid\u00e9r\u00e9s comme des \u2018animaux\u2019\u2026 Ils demandent\u00a0: \u00ab\u00a0Nous allons en ville voir des hommes\u00a0?\u00a0\u00bb.<\/p>\n\n\n\n<p>Cette situation \u00e9tant inacceptable, il nous faut agir\u00a0! On r\u00e9colte des v\u00eatements dans les paroisses et six jeunes partent en camionnette en plein hiver rigoureux afin de leur apporter trois tonnes d\u2019habits chauds.<\/p>\n\n\n\n<p><img decoding=\"async\" width=\"\\&quot;300\\&quot;\" height=\"\\&quot;225\\&quot;\" src=\"\\&quot;http:\/\/www.mergem.be\/v2\/wp-content\/uploads\/2016\/12\/DSCN0639-300x225.jpg\\&quot;\"><\/p>\n\n\n\n<p>Les sept jours v\u00e9cus sur place durant ce No\u00ebl \u201999 sont inoubliables, formidable accueil des roumains mais aussi effroi de d\u00e9couvrir les conditions de (sur)-vie des enfants du Centre. Leur quotidien est fait de privations, brimades, violences physiques mais aussi psychologiques\u2026 Quel choc\u00a0! Beaucoup de jeunes pr\u00e9sentent un handicap, souvent li\u00e9 \u00e0 l\u2019abandon dont ils sont victimes. Leur manque le plus cruel est l\u2019absence de lien affectif. Notre pr\u00e9sence, notre \u00e9coute, nos \u00e9changes, nos jeux et, plus tard, le parrainage sont pour eux un lien, un soutien, un signe d\u2019esp\u00e9rance pour leur vie future\u2026<\/p>\n\n\n\n<p>En janvier 2000, ne pouvant rester indiff\u00e9rents et voulant une vie meilleure pour les enfants, nous cr\u00e9ons l\u2019association MERGEM, \u00ab\u00a0mergem\u00a0\u00bb, petit mot roumain utilis\u00e9 avec les jeunes pour dire \u00ab\u00a0Allez, on y va\u00a0!\u00a0\u00bb\u2026\\<\/p>\n\n\n\n<p>Et MERCI du fond du C\u0152UR \u00e0 tous ceux qui se sont investis et nous ont aid\u00e9 durant ces dix-huit ans dans cette riche et belle aventure humaine pour un monde meilleur\u00a0!<\/p>\n\n\n\n<p><\/p>\n","protected":false},"excerpt":{"rendered":"<p>Remontons dans le temps\u00a0: en juillet \u201998, un groupe de jeunes de 16 \u00e0 18 ans, de la Paroisse de St-Lambert \u00e0 Woluw\u00e9, part pour Iasi, ville de Roumanie moldave. Le groupe participe \u00e0 l\u2019animation d\u2019enfants hospitalis\u00e9s au sein de l\u2019\u00e9cole \u00e0 l\u2019H\u00f4pital Santa-Maria. Suite aux contacts nou\u00e9s avec nos nouveaux amis roumains, ceux-ci tr\u00e8s [&hellip;]<\/p>\n","protected":false},"author":1,"featured_media":0,"parent":0,"menu_order":0,"comment_status":"closed","ping_status":"closed","template":"","meta":{"footnotes":""},"class_list":["post-66","page","type-page","status-publish","czr-hentry"],"_links":{"self":[{"href":"https:\/\/www.mergem.be\/index.php\/wp-json\/wp\/v2\/pages\/66","targetHints":{"allow":["GET"]}}],"collection":[{"href":"https:\/\/www.mergem.be\/index.php\/wp-json\/wp\/v2\/pages"}],"about":[{"href":"https:\/\/www.mergem.be\/index.php\/wp-json\/wp\/v2\/types\/page"}],"author":[{"embeddable":true,"href":"https:\/\/www.mergem.be\/index.php\/wp-json\/wp\/v2\/users\/1"}],"replies":[{"embeddable":true,"href":"https:\/\/www.mergem.be\/index.php\/wp-json\/wp\/v2\/comments?post=66"}],"version-history":[{"count":1,"href":"https:\/\/www.mergem.be\/index.php\/wp-json\/wp\/v2\/pages\/66\/revisions"}],"predecessor-version":[{"id":68,"href":"https:\/\/www.mergem.be\/index.php\/wp-json\/wp\/v2\/pages\/66\/revisions\/68"}],"wp:attachment":[{"href":"https:\/\/www.mergem.be\/index.php\/wp-json\/wp\/v2\/media?parent=66"}],"curies":[{"name":"wp","href":"https:\/\/api.w.org\/{rel}","templated":true}]}}