{"id":7,"date":"2024-12-26T11:33:07","date_gmt":"2024-12-26T10:33:07","guid":{"rendered":"https:\/\/www.mergem.be\/?page_id=7"},"modified":"2025-12-20T20:11:08","modified_gmt":"2025-12-20T19:11:08","slug":"page-daccueil","status":"publish","type":"page","link":"https:\/\/www.mergem.be\/","title":{"rendered":"Bienvenue sur le site de Mergem"},"content":{"rendered":"\n<p><\/p>\n\n\n\n<p>Cr\u00e9e en janvier 2000, l\u2019ASBL Mergem aide les plus d\u00e9munis en Roumanie dans un esprit de partenariat en partant de la demande d\u2019aide sur place. L&rsquo;objectif dans nos projets est de venir en aide principalement aux enfants en grande difficult\u00e9<\/p>\n\n\n<ul class=\"wp-block-latest-posts__list wp-block-latest-posts\"><li><a class=\"wp-block-latest-posts__post-title\" href=\"https:\/\/www.mergem.be\/index.php\/2025\/12\/20\/concert-solid-airs\/\">Concert \u00ab\u00a0Solid\u00a0\u2018Airs\u00a0\u00bb\u00a0<\/a><div class=\"wp-block-latest-posts__post-full-content\"><!-- wp:image {\"id\":185,\"width\":\"823px\",\"height\":\"auto\",\"sizeSlug\":\"large\",\"linkDestination\":\"none\"} -->\n<figure class=\"wp-block-image size-large is-resized\"><img loading=\"lazy\" decoding=\"async\" width=\"1024\" height=\"504\" src=\"https:\/\/www.mergem.be\/wp-content\/uploads\/2025\/12\/image-evement-1024x504.png\" alt=\"\" class=\"wp-image-185\" style=\"width:823px;height:auto\" srcset=\"https:\/\/www.mergem.be\/wp-content\/uploads\/2025\/12\/image-evement-1024x504.png 1024w, https:\/\/www.mergem.be\/wp-content\/uploads\/2025\/12\/image-evement-300x148.png 300w, https:\/\/www.mergem.be\/wp-content\/uploads\/2025\/12\/image-evement-768x378.png 768w, https:\/\/www.mergem.be\/wp-content\/uploads\/2025\/12\/image-evement.png 1521w\" sizes=\"auto, (max-width: 1024px) 100vw, 1024px\" \/><\/figure>\n<!-- \/wp:image -->\n\n<!-- wp:paragraph -->\n<p>\u00a0\u00a0\u00a0\u00a0\u00a0\u00a0\u00a0\u00a0\u00a0\u00a0\u00a0\u00a0\u00a0\u00a0 Quatre formidables chorales au style dynamique, original et vari\u00e9\u00a0:<\/p>\n<!-- \/wp:paragraph -->\n\n<!-- wp:paragraph -->\n<p><strong>\u00a0\u00a0\u00a0\u00a0\u00a0\u00a0\u00a0\u00a0\u00a0\u00a0\u00a0\u00a0\u00a0<\/strong><strong>Barberpeis, Clever Kitsch, La Balladine \u00c9ph\u00e9m\u00e8re et Ribambelge<\/strong><\/p>\n<!-- \/wp:paragraph -->\n\n<!-- wp:image {\"id\":190,\"width\":\"488px\",\"height\":\"auto\",\"aspectRatio\":\"0.7071156204104181\",\"sizeSlug\":\"large\",\"linkDestination\":\"none\"} -->\n<figure class=\"wp-block-image size-large is-resized\"><img loading=\"lazy\" decoding=\"async\" width=\"724\" height=\"1024\" src=\"https:\/\/www.mergem.be\/wp-content\/uploads\/2025\/12\/Affiche-SolidAirs-A3-1-724x1024.png\" alt=\"\" class=\"wp-image-190\" style=\"aspect-ratio:0.7071156204104181;width:488px;height:auto\" srcset=\"https:\/\/www.mergem.be\/wp-content\/uploads\/2025\/12\/Affiche-SolidAirs-A3-1-724x1024.png 724w, https:\/\/www.mergem.be\/wp-content\/uploads\/2025\/12\/Affiche-SolidAirs-A3-1-212x300.png 212w, https:\/\/www.mergem.be\/wp-content\/uploads\/2025\/12\/Affiche-SolidAirs-A3-1-768x1086.png 768w, https:\/\/www.mergem.be\/wp-content\/uploads\/2025\/12\/Affiche-SolidAirs-A3-1-1086x1536.png 1086w, https:\/\/www.mergem.be\/wp-content\/uploads\/2025\/12\/Affiche-SolidAirs-A3-1-1448x2048.png 1448w, https:\/\/www.mergem.be\/wp-content\/uploads\/2025\/12\/Affiche-SolidAirs-A3-1-scaled.png 1810w\" sizes=\"auto, (max-width: 724px) 100vw, 724px\" \/><\/figure>\n<!-- \/wp:image -->\n\n<!-- wp:paragraph -->\n<p><strong><u>Dimanche 8 f\u00e9vrier 2026 \u00e0 16 h<\/u><\/strong><strong><\/strong><\/p>\n<!-- \/wp:paragraph -->\n\n<!-- wp:paragraph -->\n<p>Au profit de deux asbl\u00a0: \u00ab\u00a0<strong>Mergem<\/strong>\u00a0\u00bb, qui f\u00eatera <strong>ses 25 ans,<\/strong> vient en aide aux jeunes et aux plus d\u00e9munis en Roumanie. Et \u00ab\u00a0<strong>Action2day<\/strong>\u00a0\u00bb, qui \u0153uvre au Kenya, pour rendre des femmes autonomes et pour l\u2019acc\u00e8s \u00e0 l\u2019\u00e9ducation et \u00e0 la sant\u00e9 !<\/p>\n<!-- \/wp:paragraph -->\n\n<!-- wp:paragraph -->\n<p><strong><u>ATTENTION<\/u>\u00a0<\/strong>: Au moment d\u2019effectuer le paiement, vous aurez la possibilit\u00e9 de faire un \u00ab\u00a0don\u00a0\u00bb pour le site de paiement qui nous abrite gratuitement. Si vous ne d\u00e9sirez pas payer le montant propos\u00e9, c\u2019est simple, cliquer sur \u00ab\u00a0Modifier\u00a0\u00bb et d\u00e9placer le curseur vers la gauche sur \u00ab\u00a00\u00a0\u00bb euro.<\/p>\n<!-- \/wp:paragraph -->\n\n<!-- wp:paragraph -->\n<p>voici le lien pour r\u00e9server et payer<br><a href=\"https:\/\/bit.ly\/4rXC15P\" target=\"_blank\" rel=\"noreferrer noopener\">https:\/\/bit.ly\/4rXC15P<\/a><\/p>\n<!-- \/wp:paragraph -->\n\n<!-- wp:paragraph -->\n<p><strong><u>Infos pratiques<\/u><\/strong>\u00a0:<\/p>\n<!-- \/wp:paragraph -->\n\n<!-- wp:paragraph -->\n<p><strong>Lieu\u00a0<\/strong>:Th\u00e9\u00e2tre du Coll\u00e8ge Don Bosco \u2013 Chauss\u00e9e de Stockel 270 \u2013 1200 Bruxelles<\/p>\n<!-- \/wp:paragraph -->\n\n<!-- wp:paragraph -->\n<p>\u00a0\u00a0\u00a0\u00a0\u00a0\u00a0\u00a0\u00a0 Bus 28 (arr\u00eat Konkel) \u2013 Parking\u00a0gratuit dans les deux cours du Coll\u00e8ge<\/p>\n<!-- \/wp:paragraph -->\n\n<!-- wp:paragraph -->\n<p>\u00a0\u00a0\u00a0\u00a0\u00a0\u00a0\u00a0 \u00a0Acc\u00e8s PMR direct via le parking d\u2019en haut.<\/p>\n<!-- \/wp:paragraph -->\n\n<!-- wp:paragraph -->\n<p><strong>Bar<\/strong>\u00a0: ouvert d\u00e8s 15h ainsi qu\u2019\u00e0 l\u2019entracte et apr\u00e8s le spectacle.<\/p>\n<!-- \/wp:paragraph -->\n\n<!-- wp:paragraph -->\n<p><strong>Tarifs places\u00a0<\/strong>: Place adultes en pr\u00e9vente : 20\u20ac\/pers.<\/p>\n<!-- \/wp:paragraph -->\n\n<!-- wp:paragraph -->\n<p>\u00a0\u00a0\u00a0\u00a0\u00a0\u00a0\u00a0\u00a0\u00a0\u00a0\u00a0\u00a0\u00a0\u00a0\u00a0\u00a0\u00a0\u00a0\u00a0\u00a0 \u00a0\u00a0Place adultes sur place : 24\u20ac\/pers.<\/p>\n<!-- \/wp:paragraph -->\n\n<!-- wp:paragraph -->\n<p>\u00a0\u00a0\u00a0\u00a0\u00a0\u00a0\u00a0\u00a0\u00a0\u00a0\u00a0\u00a0\u00a0\u00a0\u00a0\u00a0\u00a0\u00a0\u00a0 \u00a0\u00a0\u00a0Place enfants (&lt; 18 ans) \/ Art.60\u00a0: 10\u20ac\/pers.<\/p>\n<!-- \/wp:paragraph -->\n\n<!-- wp:paragraph -->\n<p><\/p>\n<!-- \/wp:paragraph -->\n\n<!-- wp:paragraph -->\n<p><strong><em><u>contacts<\/u><\/em><\/strong> :<\/p>\n<!-- \/wp:paragraph -->\n\n<!-- wp:paragraph -->\n<p>Adresse email\u00a0: <a href=\"mailto:concert.solidairs@gmail.com\">concert.solidairs@gmail.com<\/a><\/p>\n<!-- \/wp:paragraph -->\n\n<!-- wp:paragraph -->\n<p>Site de Mergem : <a href=\"https:\/\/hes32-ctp.trendmicro.com\/wis\/clicktime\/v1\/query?url=http%3A%2F%2Fwww.mergem.be&amp;umid=18b7aa20-2da1-46c2-bd43-5ed661d3d60e&amp;auth=c20c52f2deb8a3d71d8ab1f04a3fe8526c516450-64e51debe1962acd1037370abf21143b86d7d61f\">www.mergem.be<\/a><\/p>\n<!-- \/wp:paragraph -->\n\n<!-- wp:paragraph -->\n<p>Site d\u2019Action2day\u00a0: <a href=\"http:\/\/www.action2day.org\">www.action2day.org<\/a><\/p>\n<!-- \/wp:paragraph -->\n\n<!-- wp:image {\"id\":186,\"sizeSlug\":\"full\",\"linkDestination\":\"none\"} -->\n<figure class=\"wp-block-image size-full\"><img loading=\"lazy\" decoding=\"async\" width=\"130\" height=\"99\" src=\"https:\/\/www.mergem.be\/wp-content\/uploads\/2025\/12\/image.jpeg\" alt=\"\" class=\"wp-image-186\" \/><\/figure>\n<!-- \/wp:image -->\n\n<!-- wp:image {\"id\":187,\"sizeSlug\":\"full\",\"linkDestination\":\"none\"} -->\n<figure class=\"wp-block-image size-full\"><img loading=\"lazy\" decoding=\"async\" width=\"116\" height=\"116\" src=\"https:\/\/www.mergem.be\/wp-content\/uploads\/2025\/12\/image-1.jpeg\" alt=\"\" class=\"wp-image-187\" \/><\/figure>\n<!-- \/wp:image -->\n\n<!-- wp:paragraph -->\n<p>\u00a0<strong><u>Apr\u00e8s le concert, vous pouvez nous soutenir\u00a0:<\/u><\/strong><\/p>\n<!-- \/wp:paragraph -->\n\n<!-- wp:paragraph -->\n<p>-en participant \u00e0 nos activit\u00e9s dont vous trouverez le d\u00e9tail sur nos sites internet respectifs<\/p>\n<!-- \/wp:paragraph -->\n\n<!-- wp:paragraph -->\n<p>-en faisant un don sur le compte de l\u2019\u00e9v\u00e9nement\u00a0: \u00a0BE92 0638 2335 4223 (ouvert jusque fin mars 2026\u00a0!)<\/p>\n<!-- \/wp:paragraph --><\/div><\/li>\n<\/ul>\n\n\n<p><\/p>\n","protected":false},"excerpt":{"rendered":"<p>Cr\u00e9e en janvier 2000, l\u2019ASBL Mergem aide les plus d\u00e9munis en Roumanie dans un esprit de partenariat en partant de la demande d\u2019aide sur place. L&rsquo;objectif dans nos projets est de venir en aide principalement aux enfants en grande difficult\u00e9<\/p>\n","protected":false},"author":1,"featured_media":0,"parent":0,"menu_order":0,"comment_status":"closed","ping_status":"closed","template":"","meta":{"footnotes":""},"class_list":["post-7","page","type-page","status-publish","czr-hentry"],"_links":{"self":[{"href":"https:\/\/www.mergem.be\/index.php\/wp-json\/wp\/v2\/pages\/7","targetHints":{"allow":["GET"]}}],"collection":[{"href":"https:\/\/www.mergem.be\/index.php\/wp-json\/wp\/v2\/pages"}],"about":[{"href":"https:\/\/www.mergem.be\/index.php\/wp-json\/wp\/v2\/types\/page"}],"author":[{"embeddable":true,"href":"https:\/\/www.mergem.be\/index.php\/wp-json\/wp\/v2\/users\/1"}],"replies":[{"embeddable":true,"href":"https:\/\/www.mergem.be\/index.php\/wp-json\/wp\/v2\/comments?post=7"}],"version-history":[{"count":9,"href":"https:\/\/www.mergem.be\/index.php\/wp-json\/wp\/v2\/pages\/7\/revisions"}],"predecessor-version":[{"id":189,"href":"https:\/\/www.mergem.be\/index.php\/wp-json\/wp\/v2\/pages\/7\/revisions\/189"}],"wp:attachment":[{"href":"https:\/\/www.mergem.be\/index.php\/wp-json\/wp\/v2\/media?parent=7"}],"curies":[{"name":"wp","href":"https:\/\/api.w.org\/{rel}","templated":true}]}}